{"id":3,"date":"2019-11-19T10:02:47","date_gmt":"2019-11-19T09:02:47","guid":{"rendered":"https:\/\/blog.kryptos72.com\/?page_id=3"},"modified":"2019-11-25T10:53:28","modified_gmt":"2019-11-25T09:53:28","slug":"polityka-prywatnosci","status":"publish","type":"page","link":"https:\/\/kryptos72.com\/blog\/polityka-prywatnosci\/","title":{"rendered":"Polityka prywatno\u015bci"},"content":{"rendered":"<h2><strong>Polityka Prywatno\u015bci &#8211; <\/strong><a href=\"https:\/\/kryptos72.com\/blog\/\"><strong>KRYPTOS72<\/strong><\/a><\/h2>\n<p>ZASADY PRZETWARZANIA DANYCH OSOBOWYCH, W RAMACH ODWIEDZIN DOMENY ORAZ SUBDOMEN KRYPTOS72.COM ORAZ W RAMACH US\u0141UGI \u201eNEWSLETTER\u201d<\/p>\n<ol>\n<li>Administratorem danych osobowych, jest Kryptos72 Sp. z o.o. z siedzib\u0105 przy Domaniewskiej 37 lok. 2 .43, 02-672 Warszawa.<\/li>\n<li>W sprawach zwi\u0105zanych z przetwarzaniem danych osobowych, prosimy o kontakt pisemnie na adres siedziby lub umo\u017cliwiamy bezpo\u015bredni kontakt z Inspektorem Ochrony Danych via email: <a href=\"mailto:dpo@kryptos72.com\">dpo@kryptos72.com<\/a> [en] lub <a href=\"mailto:iod@kryptos72.com\">iod@kryptos72.com<\/a> [pl]<\/li>\n<li>Dane osobowe przetwarzane b\u0119d\u0105 w celu przekazywania osobom zainteresowanym najnowszych wiadomo\u015bci i informacji \u2013 w tym marketingowych, dotycz\u0105cych tematu bezpiecze\u0144stwa informacji.<\/li>\n<li>Dane osobowe b\u0119d\u0105 udost\u0119pnione do operator\u00f3w realizuj\u0105cych kampani\u0119 Newsletter.<\/li>\n<li>Podanie danych osobowych jest dobrowolne, lecz niezb\u0119dne do otrzymywania bezp\u0142atnej prenumeraty. Przekazane dane, w tym: imi\u0119, adres email, adres IP, tre\u015b\u0107 przes\u0142anych wiadomo\u015bci, cookies oraz dane statystyczne; b\u0119d\u0105 przetwarzane na podstawie zgody osoby, kt\u00f3rej dane dotycz\u0105.<\/li>\n<li>Podane przez Pa\u0144stwa w formularzu \u201eNewsletter\u201d dane osobowe b\u0119d\u0105 przetwarzane wy\u0142\u0105cznie przez osoby uprawnione, z pe\u0142nym poszanowaniem ich prywatno\u015bci.<\/li>\n<li>Przys\u0142uguje Pa\u0144stwu prawo dost\u0119pu do swoich danych oraz ich sprostowania, prawo do usuni\u0119cia z bazy danych, ograniczenia przetwarzania oraz do wycofania w dowolnym momencie zgody na przetwarzanie danych osobowych, jak r\u00f3wnie\u017c prawo do wniesienia sprzeciwu wobec przetwarzania oraz prawo do przeniesienia danych.<\/li>\n<li>Maj\u0105 Pa\u0144stwo prawo do wniesienia skargi do Prezesa Urz\u0119du Ochrony Danych Osobowych, je\u017celi uznaj\u0105 Pa\u0144stwo, \u017ce przetwarzanie danych narusza przepisy obowi\u0105zuj\u0105cego prawa.<\/li>\n<li>Podane w formularzu dane osobowe b\u0119d\u0105 przetwarzane do momentu rezygnacji z otrzymywania wiadomo\u015bci newsletter lub wycofania zgody na przetwarzanie danych osobowych, kt\u00f3re jest r\u00f3wnoznaczne z rezygnacj\u0105 z us\u0142ugi. W przypadku rezygnacji z us\u0142ugi, wycofania zgody lub zaprzestania \u015bwiadczenia przez Administratora us\u0142ugi \u201eNewsletter\u201d, zgromadzone dane osobowe zostan\u0105 usuni\u0119te, za wyj\u0105tkiem odnotowania informacji, \u017ce na wskazany adres email, nale\u017cy nie prowadzi\u0107 wysy\u0142ek.<\/li>\n<li>Us\u0142uga \u201eNewsletter\u201d \u015bwiadczona jest wy\u0142\u0105cznie dla zarejestrowanych os\u00f3b. W celu dokonania rejestracji nale\u017cy wype\u0142ni\u0107 prawid\u0142owo jeden z formularzy rejestracyjnych, poprzez podanie imienia lub pseudonimu oraz prawid\u0142owego adresu e-mail, na kt\u00f3ry maj\u0105 by\u0107 przekazywane wiadomo\u015bci. Poprzez potwierdzenie zapisu, udzielana jest zgoda na przetwarzanie danych osobowych. Administrator danych mo\u017ce przes\u0142a\u0107 wiadomo\u015b\u0107 z linkiem aktywacyjnym, otrzymywanie Newslettera &#8211; potwierdzaj\u0105cy \u017c\u0105danie dodania skrzynki pocztowej do listy dystrybucyjnej us\u0142ugi \u201eNewsletter. Od chwili wykonania powy\u017cszych czynno\u015bci, na zarejestrowane konto e-mail b\u0119d\u0105 przesy\u0142ane wiadomo\u015bci.<\/li>\n<li>System przesy\u0142aj\u0105cy Newsletter, umo\u017cliwia zbieranie informacji o klikni\u0119tych linkach oraz o fakcie otwarcia wiadomo\u015bci email i jest zintegrowany z GoogleAnalytics.<\/li>\n<li>Cz\u0119stotliwo\u015b\u0107 przesy\u0142ania Newslettera uzale\u017cniona jest od Nadawcy, lecz oscyluje w granicach jedna wiadomo\u015b\u0107 dziennie + dodatkowo powiadomienia o nowo dodanym artykule.<\/li>\n<li>Rezygnacja z us\u0142ugi nast\u0119puje poprzez klikni\u0119cie w link \u201eRezygnacja\u201d, znajduj\u0105cy si\u0119 w ka\u017cdej przes\u0142anej w ramach subskrypcji wiadomo\u015bci e-mail.<\/li>\n<li>Usuni\u0119cie adresu e-mail Subskrybenta z bazy adresowej \u201eNewsletter\u201d mo\u017ce by\u0107 dodatkowo potwierdzane komunikatem potwierdzaj\u0105cym dokonanie operacji.<\/li>\n<li>Administrator danych, nie ponosi odpowiedzialno\u015bci za blokowanie przez administrator\u00f3w serwer\u00f3w pocztowych przesy\u0142anych w ramach us\u0142ugi \u201eNewsletter\u201d wiadomo\u015bci na podany w formularzu adres e-mail oraz za usuwanie i blokowanie takich wiadomo\u015bci przez oprogramowanie zainstalowane na urz\u0105dzeniu u\u017cytkownika.<\/li>\n<\/ol>\n<p>&nbsp;<\/p>\n","protected":false},"excerpt":{"rendered":"<p>Polityka Prywatno\u015bci &#8211; KRYPTOS72 ZASADY PRZETWARZANIA DANYCH OSOBOWYCH, W RAMACH ODWIEDZIN DOMENY ORAZ SUBDOMEN KRYPTOS72.COM ORAZ W RAMACH US\u0141UGI \u201eNEWSLETTER\u201d Administratorem danych osobowych, jest Kryptos72 Sp. z o.o. z siedzib\u0105 przy Domaniewskiej 37 lok. 2 .43, 02-672 Warszawa. W sprawach zwi\u0105zanych z przetwarzaniem danych osobowych, prosimy o kontakt pisemnie na adres siedziby lub umo\u017cliwiamy bezpo\u015bredni [&hellip;]<\/p>\n","protected":false},"author":1,"featured_media":0,"parent":0,"menu_order":0,"comment_status":"closed","ping_status":"open","template":"","meta":[],"yst_prominent_words":[763,298,753,751,220,756,760,123,757,759,219,670,762,754,755,761,764,758,752,750],"_links":{"self":[{"href":"https:\/\/kryptos72.com\/blog\/wp-json\/wp\/v2\/pages\/3"}],"collection":[{"href":"https:\/\/kryptos72.com\/blog\/wp-json\/wp\/v2\/pages"}],"about":[{"href":"https:\/\/kryptos72.com\/blog\/wp-json\/wp\/v2\/types\/page"}],"author":[{"embeddable":true,"href":"https:\/\/kryptos72.com\/blog\/wp-json\/wp\/v2\/users\/1"}],"replies":[{"embeddable":true,"href":"https:\/\/kryptos72.com\/blog\/wp-json\/wp\/v2\/comments?post=3"}],"version-history":[{"count":2,"href":"https:\/\/kryptos72.com\/blog\/wp-json\/wp\/v2\/pages\/3\/revisions"}],"predecessor-version":[{"id":488,"href":"https:\/\/kryptos72.com\/blog\/wp-json\/wp\/v2\/pages\/3\/revisions\/488"}],"wp:attachment":[{"href":"https:\/\/kryptos72.com\/blog\/wp-json\/wp\/v2\/media?parent=3"}],"wp:term":[{"taxonomy":"yst_prominent_words","embeddable":true,"href":"https:\/\/kryptos72.com\/blog\/wp-json\/wp\/v2\/yst_prominent_words?post=3"}],"curies":[{"name":"wp","href":"https:\/\/api.w.org\/{rel}","templated":true}]}}